{"id":1276,"date":"2018-06-04T14:29:17","date_gmt":"2018-06-04T12:29:17","guid":{"rendered":"http:\/\/www.skalbmierz.com\/?page_id=1276"},"modified":"2020-03-14T13:00:27","modified_gmt":"2020-03-14T12:00:27","slug":"rodo","status":"publish","type":"page","link":"https:\/\/www.skalbmierz.com\/index.php\/rodo\/","title":{"rendered":"RODO"},"content":{"rendered":"<h2 style=\"text-align: center;\"><strong>Polityka ochrony danych osobowych<\/strong><\/h2>\n<p>Zgodnie z art. 13 og\u00f3lnego rozporz\u0105dzenia o ochronie danych osobowych z dnia 27 kwietnia 2016 r. informujemy, i\u017c:<\/p>\n<ol>\n<li>Administratorem Pa\u0144stwa danych osobowych jest <strong>PHU ADAMEK Maria Anielska-Adamek z siedzib\u0105\u00a0w Skalbmierzu, ul. Mickiewicza 1a,<\/strong> NIP 6621242033, REGON 2929867043 e-mail:\u00a0rodo@skalbmierz.com<\/li>\n<li>Dane osobowe przetwarzane b\u0119d\u0105 w celu:\n<ol>\n<li>zawarcia, wykonania i kontynuacji um\u00f3w kupna \/ sprzeda\u017cy towar\u00f3w i us\u0142ug oferowanych przez administratora,<\/li>\n<li>wykonania ci\u0105\u017c\u0105cych na administratorze obowi\u0105zk\u00f3w prawnych (w szczeg\u00f3lno\u015bci: wystawianie i przechowywanie faktur\/dokument\u00f3w sprzeda\u017cy i innych dokument\u00f3w ksi\u0119gowych, rozpatrywanie reklamacji),<\/li>\n<li>ustalenia, obrona i dochodzenie roszcze\u0144,<\/li>\n<li>marketingu bezpo\u015bredniego ( w przypadku udzielenia zgody),<\/li>\n<li>tworzenia zestawie\u0144 analiz i statystyk (na potrzeby wewn\u0119trzne administratora),<\/li>\n<li>weryfikacji wiarygodno\u015bci p\u0142atniczej,<\/li>\n<li>wsparcia obs\u0142ugi,<\/li>\n<li>szeroko poj\u0119tej wsp\u00f3\u0142pracy handlowej, na podstawie art. 6 ust. 1 lit. a, b, c, d, e, f lub art. 9 ust. 1 oraz ust. 2 lit. a, b, c, d, h, i, j \u2013 og\u00f3lnego rozporz\u0105dzenia o ochronie danych osobowych z dnia 27 kwietnia 2016r.<\/li>\n<\/ol>\n<\/li>\n<li>Dane nie b\u0119d\u0105 poddane zautomatyzowanym podejmowaniu decyzji (profilowaniu).<\/li>\n<li>Pa\u0144stwa dane osobowe mog\u0105 by\u0107 przekazywane\n<ol>\n<li>podmiotom prowadz\u0105cym dzia\u0142alno\u015b\u0107 pocztowo kuriersk\u0105,<\/li>\n<li>podmiotom \u015bwiadcz\u0105cym nam us\u0142ugi podatkowo-rachunkowe, \u015bwiadcz\u0105ce pomoc prawn\u0105,<\/li>\n<li>agencjom reklamowym i innym podmiotom po\u015brednicz\u0105cym w sprzeda\u017cy naszych us\u0142ug,<\/li>\n<li>podmiotom nabywaj\u0105cym wierzytelno\u015bci \u2013 w razie nieop\u0142acenia przez Pa\u0144stwa naszych rachunk\u00f3w w terminie,<\/li>\n<li>organom \u015bcigania w przypadku wykrycia nadu\u017cy\u0107 lub na ich \u017c\u0105danie &#8211; zgodnie z obowi\u0105zuj\u0105cym Prawem Telekomunikacyjnym<\/li>\n<\/ol>\n<\/li>\n<\/ol>\n<p>Nie planujemy przekazywa\u0107 Pa\u0144stwa danych poza Europejski Obszar Gospodarczy<\/p>\n<ol start=\"5\">\n<li>Podanie danych osobowych jest ustawowym warunkiem zawarcia umowy i jest dobrowolne, jednak\u017ce niepodanie danych w zakresie wymaganym przez administratora mo\u017ce skutkowa\u0107 niewykonaniem umowy. W pozosta\u0142ych przypadkach opiera si\u0119 na dobrowolnej zgodzie osoby udost\u0119pniaj\u0105cej swoje dane osobowe lub przepisach prawa (w szczeg\u00f3lno\u015bci og\u00f3lnego rozporz\u0105dzenia o ochronie danych osobowych z dnia 27 kwietnia 2016r. \u2013\u00a0RODO), jednak\u017ce niepodanie danych w zakresie wymaganym przez administratora mo\u017ce skutkowa\u0107 niemo\u017cliwo\u015bci\u0105 wykonania umowy.<br \/>\nPrzepisy wskazuj\u0105, \u017ce przed skorzystaniem <strong>z us\u0142ug telekomunikacyjnych<\/strong> wymagane jest podanie takich danych jak: imi\u0119, nazwisko, numer PESEL lub seria i nr dowodu to\u017csamo\u015bci. Przy zawarciu umowy mo\u017cecie Pa\u0144stwo poda\u0107 dane kontaktowe np. numer telefonu, adres email, kt\u00f3re nie s\u0105 obowi\u0105zkowe do zawarcia umowy, ale je\u015bli ich nie otrzymamy, nie b\u0119dziemy mogli dzwoni\u0107 pod numer kontaktowy.<\/li>\n<li>Dane osobowe przechowywane b\u0119d\u0105 przez okres adekwatny i nie d\u0142u\u017cszy od okres\u00f3w zgodnych z aktualnie obowi\u0105zuj\u0105cymi przepisami prawa w poszczeg\u00f3lnych obszarach przetwarzania danych osobowych.<\/li>\n<li>Posiadaj\u0105 Pa\u0144stwo prawo do \u00a0\u017c\u0105dania od administratora\n<ol>\n<li>dost\u0119pu do danych osobowych;<\/li>\n<li>sprostowania danych,<\/li>\n<li>usuni\u0119cia lub ograniczenia przetwarzania danych osobowych;<\/li>\n<li>wniesienia sprzeciwu wobec przetwarzania;<\/li>\n<li>przeniesienia danych do innego administratora danych (w zakresie okre\u015blonym w art. 20 RODO)<\/li>\n<\/ol>\n<\/li>\n<li>Maj\u0105 Pa\u0144stwo prawo wniesienia skargi do Prezesa Urz\u0119du Ochrony Danych Osobowych je\u015bli uwa\u017caj\u0105,\u00a0 \u017ce przetwarzane danych osobowych narusza przepisy prawa.<\/li>\n<\/ol>\n<p>&nbsp;<\/p>\n","protected":false},"excerpt":{"rendered":"<p>Polityka ochrony danych osobowych Zgodnie z art. 13 og\u00f3lnego rozporz\u0105dzenia o ochronie danych osobowych z dnia 27 kwietnia 2016 r. informujemy, i\u017c: Administratorem Pa\u0144stwa danych osobowych jest PHU ADAMEK Maria Anielska-Adamek z siedzib\u0105\u00a0w Skalbmierzu, ul. Mickiewicza 1a, NIP 6621242033, REGON 2929867043 e-mail:\u00a0rodo@skalbmierz.com Dane osobowe przetwarzane b\u0119d\u0105 w celu: zawarcia, wykonania&#8230;<\/p>\n","protected":false},"author":2,"featured_media":0,"parent":0,"menu_order":0,"comment_status":"closed","ping_status":"closed","template":"","meta":{"footnotes":""},"class_list":["post-1276","page","type-page","status-publish","hentry"],"_links":{"self":[{"href":"https:\/\/www.skalbmierz.com\/index.php\/wp-json\/wp\/v2\/pages\/1276","targetHints":{"allow":["GET"]}}],"collection":[{"href":"https:\/\/www.skalbmierz.com\/index.php\/wp-json\/wp\/v2\/pages"}],"about":[{"href":"https:\/\/www.skalbmierz.com\/index.php\/wp-json\/wp\/v2\/types\/page"}],"author":[{"embeddable":true,"href":"https:\/\/www.skalbmierz.com\/index.php\/wp-json\/wp\/v2\/users\/2"}],"replies":[{"embeddable":true,"href":"https:\/\/www.skalbmierz.com\/index.php\/wp-json\/wp\/v2\/comments?post=1276"}],"version-history":[{"count":4,"href":"https:\/\/www.skalbmierz.com\/index.php\/wp-json\/wp\/v2\/pages\/1276\/revisions"}],"predecessor-version":[{"id":1301,"href":"https:\/\/www.skalbmierz.com\/index.php\/wp-json\/wp\/v2\/pages\/1276\/revisions\/1301"}],"wp:attachment":[{"href":"https:\/\/www.skalbmierz.com\/index.php\/wp-json\/wp\/v2\/media?parent=1276"}],"curies":[{"name":"wp","href":"https:\/\/api.w.org\/{rel}","templated":true}]}}