{"id":19,"date":"2015-07-12T17:21:15","date_gmt":"2015-07-12T15:21:15","guid":{"rendered":"http:\/\/192.168.0.107\/wordpress\/?page_id=19"},"modified":"2023-05-21T14:35:55","modified_gmt":"2023-05-21T12:35:55","slug":"o-nas","status":"publish","type":"page","link":"https:\/\/www.skalbmierz.com\/index.php\/o-nas\/","title":{"rendered":"Kontakt"},"content":{"rendered":"<p><strong>Dane kontaktowe<\/strong><\/p>\n<p>PHU &#8222;ADAMEK&#8221;<br \/>\nMaria Anielska-Adamek<br \/>\nul. Mickiewicza 1a<br \/>\n28-530 Skalbmierz<\/p>\n<p>Tel.:<span class=\"Apple-converted-space\">\u00a0<\/span>+48 41 35-29-136, kom.: 503-106-695<br \/>\nE-mail: admin@skalbmierz.com<\/p>\n<p>Konto bankowe:<br \/>\n<del>PKO BP SA 50 1020 5558 1111 1349 5540 0011<\/del><br \/>\n<span style=\"color: red;\">BNP PARIBAS XX 1750 1514 9380 0000 0000 YYYY<br \/>\n(indywidualny rachunek dla ka\u017cdego klienta, dost\u0119pny na fakturze)<\/span><\/p>\n<p><strong>Lokalizacja<\/strong><\/p>\n<p><iframe loading=\"lazy\" src=\"https:\/\/maps.google.pl\/maps?f=q&amp;source=s_q&amp;hl=pl&amp;geocode=&amp;q=Adamek.+PHU.+Anielska-Adamek+M.,+Adama+Mickiewicza,+Skalbmierz&amp;aq=0&amp;oq=adamek&amp;sll=50.316367,20.399959&amp;sspn=0.011646,0.01929&amp;ie=UTF8&amp;hq=Adamek.+PHU.+Anielska-Adamek+M.,+Adama+Mickiewicza,+Skalbmierz&amp;hnear=&amp;radius=15000&amp;ll=50.316555,20.400029&amp;spn=0.011646,0.01929&amp;t=m&amp;z=14&amp;iwloc=A&amp;cid=13304817891983615853&amp;output=embed\" width=\"425\" height=\"350\" frameborder=\"0\" marginwidth=\"0\" marginheight=\"0\" scrolling=\"no\"><\/iframe><br \/>\n<small><a style=\"color: #0000ff; text-align: left;\" href=\"https:\/\/maps.google.pl\/maps?f=q&amp;source=embed&amp;hl=pl&amp;geocode=&amp;q=Adamek.+PHU.+Anielska-Adamek+M.,+Adama+Mickiewicza,+Skalbmierz&amp;aq=0&amp;oq=adamek&amp;sll=50.316367,20.399959&amp;sspn=0.011646,0.01929&amp;ie=UTF8&amp;hq=Adamek.+PHU.+Anielska-Adamek+M.,+Adama+Mickiewicza,+Skalbmierz&amp;hnear=&amp;radius=15000&amp;ll=50.316555,20.400029&amp;spn=0.011646,0.01929&amp;t=m&amp;z=14&amp;iwloc=A&amp;cid=13304817891983615853\">Wy\u015bwietl wi\u0119ksz\u0105 map\u0119<\/a><\/small><\/p>\n","protected":false},"excerpt":{"rendered":"<p>Dane kontaktowe PHU &#8222;ADAMEK&#8221; Maria Anielska-Adamek ul. Mickiewicza 1a 28-530 Skalbmierz Tel.:\u00a0+48 41 35-29-136, kom.: 503-106-695 E-mail: admin@skalbmierz.com Konto bankowe: PKO BP SA 50 1020 5558 1111 1349 5540 0011 BNP PARIBAS XX 1750 1514 9380 0000 0000 YYYY (indywidualny rachunek dla ka\u017cdego klienta, dost\u0119pny na fakturze) Lokalizacja Wy\u015bwietl wi\u0119ksz\u0105&#8230;<\/p>\n","protected":false},"author":2,"featured_media":0,"parent":0,"menu_order":5,"comment_status":"closed","ping_status":"closed","template":"","meta":{"footnotes":""},"class_list":["post-19","page","type-page","status-publish","hentry"],"_links":{"self":[{"href":"https:\/\/www.skalbmierz.com\/index.php\/wp-json\/wp\/v2\/pages\/19","targetHints":{"allow":["GET"]}}],"collection":[{"href":"https:\/\/www.skalbmierz.com\/index.php\/wp-json\/wp\/v2\/pages"}],"about":[{"href":"https:\/\/www.skalbmierz.com\/index.php\/wp-json\/wp\/v2\/types\/page"}],"author":[{"embeddable":true,"href":"https:\/\/www.skalbmierz.com\/index.php\/wp-json\/wp\/v2\/users\/2"}],"replies":[{"embeddable":true,"href":"https:\/\/www.skalbmierz.com\/index.php\/wp-json\/wp\/v2\/comments?post=19"}],"version-history":[{"count":12,"href":"https:\/\/www.skalbmierz.com\/index.php\/wp-json\/wp\/v2\/pages\/19\/revisions"}],"predecessor-version":[{"id":1324,"href":"https:\/\/www.skalbmierz.com\/index.php\/wp-json\/wp\/v2\/pages\/19\/revisions\/1324"}],"wp:attachment":[{"href":"https:\/\/www.skalbmierz.com\/index.php\/wp-json\/wp\/v2\/media?parent=19"}],"curies":[{"name":"wp","href":"https:\/\/api.w.org\/{rel}","templated":true}]}}