{"id":23,"date":"2015-07-12T17:23:50","date_gmt":"2015-07-12T15:23:50","guid":{"rendered":"http:\/\/192.168.0.107\/wordpress\/?page_id=23"},"modified":"2026-02-25T11:15:55","modified_gmt":"2026-02-25T10:15:55","slug":"internet","status":"publish","type":"page","link":"https:\/\/www.skalbmierz.com\/index.php\/internet\/","title":{"rendered":"INTERNET"},"content":{"rendered":"<p><strong>Internet \u015bwiat\u0142owodowy*<\/strong><\/p>\n<table style=\"height: 263px;\" border=\"2\" width=\"870\" cellpadding=\"10\">\n<tbody>\n<tr>\n<td style=\"text-align: center;\"><b>Pr\u0119dko\u015b\u0107<\/b><b> pobierania\/wysy\u0142ania<\/b><\/td>\n<td style=\"text-align: center;\"><b>Umowa <\/b><b>na 24 m-ce<\/b><\/td>\n<td style=\"text-align: center;\"><b>Umowa<\/b><b> na 12 m-cy<\/b><\/td>\n<td style=\"text-align: center;\"><b>Umowa<\/b><b> na czas nieokre\u015blony <\/b><\/td>\n<\/tr>\n<tr>\n<td style=\"text-align: center;\"><b>100\/10 Mbps<\/b><\/td>\n<td style=\"text-align: center;\">65 z\u0142\/m-c<\/td>\n<td style=\"text-align: center;\">75 z\u0142\/m-c<\/td>\n<td style=\"text-align: center;\">\u00a0115 z\u0142\/m-c<\/td>\n<\/tr>\n<tr>\n<td style=\"text-align: center;\"><b>300\/30 Mbps<\/b><\/td>\n<td style=\"text-align: center;\">79 z\u0142\/m-c<\/td>\n<td style=\"text-align: center;\">89 z\u0142\/m-c<\/td>\n<td style=\"text-align: center;\">129 z\u0142\/m-c<\/td>\n<\/tr>\n<tr>\n<td style=\"text-align: center;\"><b>600\/60 Mbps<\/b><\/td>\n<td style=\"text-align: center;\">95\u00a0z\u0142\/m-c<\/td>\n<td style=\"text-align: center;\">105 z\u0142\/m-c<\/td>\n<td style=\"text-align: center;\">145 z\u0142\/m-c<\/td>\n<\/tr>\n<tr>\n<td style=\"text-align: center;\"><strong>900\/90 Mbps<\/strong><\/td>\n<td style=\"text-align: center;\">109 z\u0142\/m-c<\/td>\n<td style=\"text-align: center;\">119 z\u0142\/m-c<\/td>\n<td style=\"text-align: center;\">159 z\u0142\/m-c<\/td>\n<\/tr>\n<tr>\n<td style=\"text-align: center;\"><strong>Koszt pod\u0142\u0105czenia i aktywacji<\/strong><\/td>\n<td style=\"text-align: center;\">199 z\u0142<\/td>\n<td style=\"text-align: center;\">199 z\u0142<\/td>\n<td style=\"text-align: center;\">499 z\u0142<\/td>\n<\/tr>\n<\/tbody>\n<\/table>\n<p>*cennik dotyczy nowych um\u00f3w <strong>\u00a0<\/strong>zawartych\u00a0 po 15.05.2022. Cennik nie dotyczy firm.<\/p>\n<p><strong>Internet bezprzewodowy* \u00a0 \u00a0 \u00a0 \u00a0 \u00a0 \u00a0 \u00a0 \u00a0 \u00a0 \u00a0 \u00a0 \u00a0 \u00a0 \u00a0 \u00a0 \u00a0 \u00a0 \u00a0 \u00a0 \u00a0 \u00a0 \u00a0 \u00a0 \u00a0 \u00a0 \u00a0 \u00a0 \u00a0 \u00a0 \u00a0 \u00a0 \u00a0 \u00a0 \u00a0 \u00a0 \u00a0 \u00a0 \u00a0 \u00a0 \u00a0 \u00a0 \u00a0 \u00a0 \u00a0 \u00a0 \u00a0 \u00a0 \u00a0 \u00a0\u00a0<\/strong><\/p>\n<table style=\"height: 263px;\" border=\"2\" width=\"870\" cellpadding=\"10\">\n<tbody>\n<tr>\n<td>\n<p style=\"text-align: center;\"><b>Pr\u0119dko\u015b\u0107<\/b><\/p>\n<p style=\"text-align: center;\"><b> pobierania<\/b><\/p>\n<\/td>\n<td style=\"text-align: center;\"><b>Umowa <\/b><b>na 24 m-ce<\/b><\/td>\n<td style=\"text-align: center;\"><b>Umowa<\/b><b> na 12 m-cy<\/b><\/td>\n<td>\n<p style=\"text-align: center;\"><b>Umowa<\/b><\/p>\n<p style=\"text-align: center;\"><b> na czas nieokre\u015blony<span class=\"Apple-converted-space\">\u00a0<\/span><\/b><\/p>\n<\/td>\n<\/tr>\n<tr>\n<td style=\"text-align: center;\"><strong>do 5 Mbps<\/strong><\/td>\n<td style=\"text-align: center;\">49 z\u0142\/m-c<\/td>\n<td style=\"text-align: center;\">55 z\u0142\/m-c<\/td>\n<td style=\"text-align: center;\">\u00a089 z\u0142\/m-c<\/td>\n<\/tr>\n<tr>\n<td style=\"text-align: center;\"><strong>do 10 Mbps<\/strong><\/td>\n<td style=\"text-align: center;\">59 z\u0142\/m-c<\/td>\n<td style=\"text-align: center;\">65 z\u0142\/m-c<\/td>\n<td style=\"text-align: center;\">99 z\u0142\/m-c<\/td>\n<\/tr>\n<tr>\n<td style=\"text-align: center;\"><strong>do 15 Mbps<\/strong><\/td>\n<td style=\"text-align: center;\">69 z\u0142\/m-c<\/td>\n<td style=\"text-align: center;\">75 z\u0142\/m-c<\/td>\n<td style=\"text-align: center;\">109 z\u0142\/m-c<\/td>\n<\/tr>\n<tr>\n<td style=\"text-align: center;\"><strong>do 25 Mbps<\/strong><\/td>\n<td style=\"text-align: center;\">99 z\u0142\/m-c<\/td>\n<td style=\"text-align: center;\">105 z\u0142\/m-c<\/td>\n<td style=\"text-align: center;\">139\u00a0z\u0142\/m-c<\/td>\n<\/tr>\n<tr>\n<td style=\"text-align: center;\"><strong>Koszt pod\u0142\u0105czenia i aktywacji<\/strong><\/td>\n<td style=\"text-align: center;\">99 z\u0142<\/td>\n<td style=\"text-align: center;\">99 z\u0142<\/td>\n<td style=\"text-align: center;\">249 z\u0142<\/td>\n<\/tr>\n<\/tbody>\n<\/table>\n<p>*cennik\u00a0 dotyczy nowych um\u00f3w zawartych po 15.05.2022. Cennik nie dotyczy firm.<\/p>\n<p><strong><br \/>\nZasi\u0119g sieci \u015bwiat\u0142owodowej i bezprzewodowej<\/strong><\/p>\n<p><center><iframe loading=\"lazy\" src=\"http:\/\/gdzienet.pl\/widget\/1925\/aa17182053ace680b0e113bbcb44c640\/500\/400\" width=\"500\" height=\"400\" frameborder=\"0\" scrolling=\"no\"><\/iframe><\/center><\/p>\n","protected":false},"excerpt":{"rendered":"<p>Internet \u015bwiat\u0142owodowy* Pr\u0119dko\u015b\u0107 pobierania\/wysy\u0142ania Umowa na 24 m-ce Umowa na 12 m-cy Umowa na czas nieokre\u015blony 100\/10 Mbps 65 z\u0142\/m-c 75 z\u0142\/m-c \u00a0115 z\u0142\/m-c 300\/30 Mbps 79 z\u0142\/m-c 89 z\u0142\/m-c 129 z\u0142\/m-c 600\/60 Mbps 95\u00a0z\u0142\/m-c 105 z\u0142\/m-c 145 z\u0142\/m-c 900\/90 Mbps 109 z\u0142\/m-c 119 z\u0142\/m-c 159 z\u0142\/m-c Koszt pod\u0142\u0105czenia i&#8230;<\/p>\n","protected":false},"author":2,"featured_media":0,"parent":0,"menu_order":1,"comment_status":"closed","ping_status":"closed","template":"","meta":{"footnotes":""},"class_list":["post-23","page","type-page","status-publish","hentry"],"_links":{"self":[{"href":"https:\/\/www.skalbmierz.com\/index.php\/wp-json\/wp\/v2\/pages\/23","targetHints":{"allow":["GET"]}}],"collection":[{"href":"https:\/\/www.skalbmierz.com\/index.php\/wp-json\/wp\/v2\/pages"}],"about":[{"href":"https:\/\/www.skalbmierz.com\/index.php\/wp-json\/wp\/v2\/types\/page"}],"author":[{"embeddable":true,"href":"https:\/\/www.skalbmierz.com\/index.php\/wp-json\/wp\/v2\/users\/2"}],"replies":[{"embeddable":true,"href":"https:\/\/www.skalbmierz.com\/index.php\/wp-json\/wp\/v2\/comments?post=23"}],"version-history":[{"count":23,"href":"https:\/\/www.skalbmierz.com\/index.php\/wp-json\/wp\/v2\/pages\/23\/revisions"}],"predecessor-version":[{"id":1345,"href":"https:\/\/www.skalbmierz.com\/index.php\/wp-json\/wp\/v2\/pages\/23\/revisions\/1345"}],"wp:attachment":[{"href":"https:\/\/www.skalbmierz.com\/index.php\/wp-json\/wp\/v2\/media?parent=23"}],"curies":[{"name":"wp","href":"https:\/\/api.w.org\/{rel}","templated":true}]}}