{"id":25,"date":"2015-07-12T17:25:19","date_gmt":"2015-07-12T15:25:19","guid":{"rendered":"http:\/\/192.168.0.107\/wordpress\/?page_id=25"},"modified":"2015-07-12T21:23:33","modified_gmt":"2015-07-12T19:23:33","slug":"sklep","status":"publish","type":"page","link":"https:\/\/www.skalbmierz.com\/index.php\/sklep\/","title":{"rendered":"SKLEP"},"content":{"rendered":"<p><strong>Sprz\u0119t komputerowy<\/strong><\/p>\n<p>Oferujemy bardzo szerok\u0105 gam\u0119 zestaw\u00f3w i konfiguracji sprz\u0119tu, tak komputer\u00f3w osobistych jak i przeno\u015bnych oraz mo\u017cliwo\u015b\u0107 w\u0142asnego skompletowania zestawu komputerowego.<br \/>\nKa\u017cdy zestaw dobieramy dok\u0142adnie do Pa\u0144stwa potrzeb i wymaga\u0144, tak aby sta\u0142 si\u0119 u\u017cytecznym narz\u0119dziem pracy.<\/p>\n<p><strong>Oferujemy ponadto\u00a0w ci\u0105g\u0142ej sprzeda\u017cy:<\/strong><\/p>\n<ul>\n<li>laptopy<\/li>\n<li>tablety<\/li>\n<li>monitory<\/li>\n<li>drukarki<\/li>\n<li>tusze i tonery do drukarek<\/li>\n<li>papier A4<\/li>\n<li>pendrive, karty pami\u0119ci<\/li>\n<li>p\u0142yty CD-R,DVD-R, BD-R,<\/li>\n<li>myszki, gamepady<\/li>\n<li>g\u0142o\u015bniki, s\u0142uchawki, mikrofony<\/li>\n<li>telewizory LCD<\/li>\n<li>dekodery DVB-T<\/li>\n<li>anteny, zasilacze, wzmacniacze ant.<\/li>\n<li>kable SCART, koncentryczne<\/li>\n<\/ul>\n","protected":false},"excerpt":{"rendered":"<p>Sprz\u0119t komputerowy Oferujemy bardzo szerok\u0105 gam\u0119 zestaw\u00f3w i konfiguracji sprz\u0119tu, tak komputer\u00f3w osobistych jak i przeno\u015bnych oraz mo\u017cliwo\u015b\u0107 w\u0142asnego skompletowania zestawu komputerowego. Ka\u017cdy zestaw dobieramy dok\u0142adnie do Pa\u0144stwa potrzeb i wymaga\u0144, tak aby sta\u0142 si\u0119 u\u017cytecznym narz\u0119dziem pracy. Oferujemy ponadto\u00a0w ci\u0105g\u0142ej sprzeda\u017cy: laptopy tablety monitory drukarki tusze i tonery do&#8230;<\/p>\n","protected":false},"author":2,"featured_media":0,"parent":0,"menu_order":2,"comment_status":"closed","ping_status":"closed","template":"","meta":{"footnotes":""},"class_list":["post-25","page","type-page","status-publish","hentry"],"_links":{"self":[{"href":"https:\/\/www.skalbmierz.com\/index.php\/wp-json\/wp\/v2\/pages\/25","targetHints":{"allow":["GET"]}}],"collection":[{"href":"https:\/\/www.skalbmierz.com\/index.php\/wp-json\/wp\/v2\/pages"}],"about":[{"href":"https:\/\/www.skalbmierz.com\/index.php\/wp-json\/wp\/v2\/types\/page"}],"author":[{"embeddable":true,"href":"https:\/\/www.skalbmierz.com\/index.php\/wp-json\/wp\/v2\/users\/2"}],"replies":[{"embeddable":true,"href":"https:\/\/www.skalbmierz.com\/index.php\/wp-json\/wp\/v2\/comments?post=25"}],"version-history":[{"count":4,"href":"https:\/\/www.skalbmierz.com\/index.php\/wp-json\/wp\/v2\/pages\/25\/revisions"}],"predecessor-version":[{"id":73,"href":"https:\/\/www.skalbmierz.com\/index.php\/wp-json\/wp\/v2\/pages\/25\/revisions\/73"}],"wp:attachment":[{"href":"https:\/\/www.skalbmierz.com\/index.php\/wp-json\/wp\/v2\/media?parent=25"}],"curies":[{"name":"wp","href":"https:\/\/api.w.org\/{rel}","templated":true}]}}