{"id":27,"date":"2015-07-12T17:25:42","date_gmt":"2015-07-12T15:25:42","guid":{"rendered":"http:\/\/192.168.0.107\/wordpress\/?page_id=27"},"modified":"2020-12-31T13:47:17","modified_gmt":"2020-12-31T12:47:17","slug":"serwis","status":"publish","type":"page","link":"https:\/\/www.skalbmierz.com\/index.php\/serwis\/","title":{"rendered":"SERWIS"},"content":{"rendered":"<p><strong>Oferujemy serwis komputer\u00f3w oraz sprz\u0119tu IT z dojazdem do klienta na terenie ca\u0142ej gminy Skalbmierz.<br \/>\nMo\u017cliwy r\u00f3wnie\u017c dojazd do innych miejcowo\u015bci.<\/strong><\/p>\n<p><strong>Serwis zapewnia:<\/strong><\/p>\n<ul>\n<li>napraw\u0119 komputer\u00f3w oraz laptop\u00f3w<\/li>\n<li>usuwanie wirus\u00f3w i trojan\u00f3w<\/li>\n<li>instalacj\u0119 system\u00f3w operacyjnych<\/li>\n<li>modernizacj\u0119 komputera lub stworzenie i zmodernizowanie sieci komputerowej<\/li>\n<li>obs\u0142ug\u0119 firm w zakresie dostarczania materia\u0142\u00f3w eksploatacyjnych<\/li>\n<\/ul>\n<p>Ponadto instalujemy anteny TV, SAT, dekodery DVB-T.<br \/>\nPosiadamy profesjonalne mierniki do sprawdzania poziomu sygna\u0142u DVB-T, jak r\u00f3wnie\u017c SAT.<\/p>\n","protected":false},"excerpt":{"rendered":"<p>Oferujemy serwis komputer\u00f3w oraz sprz\u0119tu IT z dojazdem do klienta na terenie ca\u0142ej gminy Skalbmierz. Mo\u017cliwy r\u00f3wnie\u017c dojazd do innych miejcowo\u015bci. Serwis zapewnia: napraw\u0119 komputer\u00f3w oraz laptop\u00f3w usuwanie wirus\u00f3w i trojan\u00f3w instalacj\u0119 system\u00f3w operacyjnych modernizacj\u0119 komputera lub stworzenie i zmodernizowanie sieci komputerowej obs\u0142ug\u0119 firm w zakresie dostarczania materia\u0142\u00f3w eksploatacyjnych Ponadto&#8230;<\/p>\n","protected":false},"author":2,"featured_media":0,"parent":0,"menu_order":0,"comment_status":"closed","ping_status":"closed","template":"","meta":{"footnotes":""},"class_list":["post-27","page","type-page","status-publish","hentry"],"_links":{"self":[{"href":"https:\/\/www.skalbmierz.com\/index.php\/wp-json\/wp\/v2\/pages\/27","targetHints":{"allow":["GET"]}}],"collection":[{"href":"https:\/\/www.skalbmierz.com\/index.php\/wp-json\/wp\/v2\/pages"}],"about":[{"href":"https:\/\/www.skalbmierz.com\/index.php\/wp-json\/wp\/v2\/types\/page"}],"author":[{"embeddable":true,"href":"https:\/\/www.skalbmierz.com\/index.php\/wp-json\/wp\/v2\/users\/2"}],"replies":[{"embeddable":true,"href":"https:\/\/www.skalbmierz.com\/index.php\/wp-json\/wp\/v2\/comments?post=27"}],"version-history":[{"count":4,"href":"https:\/\/www.skalbmierz.com\/index.php\/wp-json\/wp\/v2\/pages\/27\/revisions"}],"predecessor-version":[{"id":1307,"href":"https:\/\/www.skalbmierz.com\/index.php\/wp-json\/wp\/v2\/pages\/27\/revisions\/1307"}],"wp:attachment":[{"href":"https:\/\/www.skalbmierz.com\/index.php\/wp-json\/wp\/v2\/media?parent=27"}],"curies":[{"name":"wp","href":"https:\/\/api.w.org\/{rel}","templated":true}]}}